{"id":1496,"date":"2023-04-30T19:20:45","date_gmt":"2023-04-30T17:20:45","guid":{"rendered":"http:\/\/wojtasmusic.pl\/?page_id=1496"},"modified":"2024-02-01T09:44:02","modified_gmt":"2024-02-01T08:44:02","slug":"amarok-2","status":"publish","type":"page","link":"https:\/\/amarokstudio.pl\/?page_id=1496&lang=pl","title":{"rendered":"Amarok"},"content":{"rendered":"\n<p>Amarok ma swoj\u0105 <a href=\"https:\/\/amarok.pl\" target=\"_blank\" rel=\"noreferrer noopener\"><strong>stron\u0119<\/strong><\/a>, na kt\u00f3rej jest wiele informacji, ale tutaj dodam tylko, \u017ce jest to projekt, z kt\u00f3rym debiutowa\u0142em ponad 20 lat temu. Muzyka to kombinacja elektroniki, folku i rocka. Niekt\u00f3rzy m\u00f3wi\u0105, \u017ce to rock progresywny a inni, \u017ce to post rock. Z czasem, takim drugim trzonem Amaroka sta\u0142a si\u0119 moja \u017cona &#8211; Marta Wojtas, kt\u00f3ra pisze wszystkie teksty, cz\u0119sto odpowiada tak\u017ce za wizualn\u0105 stron\u0119 jak ok\u0142adki czy logo. Go\u015bcinnie na p\u0142ytach mo\u017cna us\u0142ysze\u0107 takich artyst\u00f3w jak Colin Bass (Camel) czy Mariusz Duda (Riverside), Micha\u0142 \u015aciwiarski i wielu innych. Jako Amarok wsp\u00f3\u0142pracowa\u0142em tak\u017ce z brytyjskim choreografem ta\u0144ca wsp\u00f3\u0142czesnego &#8211; James Wilton, co zaowocowa\u0142o albumem z muzyk\u0105 do przedstawienia (The Storm). Sk\u0142ad poszerzy\u0142 si\u0119 na dobre odk\u0105d Amarok nagrywa\u0142 swoj\u0105 sz\u00f3st\u0105 p\u0142yt\u0119 &#8211; Hero. Najpierw do\u0142\u0105czy\u0142 Konrad Zieli\u0144ski (dr), potem Kornel Pop\u0142awski (b, vln). Zesp\u00f3\u0142 zacz\u0105\u0142 gra\u0107 koncerty, w Polsce, Europie a tak\u017ce w Ameryce Po\u0142udniowej. Grali\u015bmy nawet z Nick Masonem (Pink Floyd), kt\u00f3ry otrzyma\u0142 od nas winylow\u0105 wersj\u0119 albumu Hunt. Przed nami &#8211; wiosn\u0105 2024 najnowsza p\u0142yta, pt: Hope, a po premierze trasa promuj\u0105ca album. <\/p>\n\n\n\n<p><\/p>\n\n\n\n<p><strong><a rel=\"noreferrer noopener\" href=\"https:\/\/independentmusicmarket.com\/pl\/szukaj?controller=search&amp;orderby=position&amp;orderway=desc&amp;search_query=amarok&amp;submit_search=\" target=\"_blank\"><mark style=\"background-color:rgba(0, 0, 0, 0)\" class=\"has-inline-color has-luminous-vivid-amber-color\">BUY AMAROK<\/mark><\/a><\/strong><\/p>\n\n\n\n<ul class=\"wp-block-social-links is-layout-flex wp-block-social-links-is-layout-flex\"><li class=\"wp-social-link wp-social-link-bandcamp  wp-block-social-link\"><a href=\"https:\/\/amarokmusic.bandcamp.com\/album\/hero\" class=\"wp-block-social-link-anchor\"><svg width=\"24\" height=\"24\" viewBox=\"0 0 24 24\" version=\"1.1\" xmlns=\"http:\/\/www.w3.org\/2000\/svg\" aria-hidden=\"true\" focusable=\"false\"><path d=\"M15.27 17.289 3 17.289 8.73 6.711 21 6.711 15.27 17.289\"><\/path><\/svg><span class=\"wp-block-social-link-label screen-reader-text\">Bandcamp<\/span><\/a><\/li>\n\n<li class=\"wp-social-link wp-social-link-spotify  wp-block-social-link\"><a href=\"https:\/\/open.spotify.com\/artist\/7wzRaLHNSWIG8ZHK2hQljt?si=dPVcjW0bRCCPISmqnThcvA\" class=\"wp-block-social-link-anchor\"><svg width=\"24\" height=\"24\" viewBox=\"0 0 24 24\" version=\"1.1\" xmlns=\"http:\/\/www.w3.org\/2000\/svg\" aria-hidden=\"true\" focusable=\"false\"><path d=\"M12,2C6.477,2,2,6.477,2,12c0,5.523,4.477,10,10,10c5.523,0,10-4.477,10-10C22,6.477,17.523,2,12,2 M16.586,16.424 c-0.18,0.295-0.563,0.387-0.857,0.207c-2.348-1.435-5.304-1.76-8.785-0.964c-0.335,0.077-0.67-0.133-0.746-0.469 c-0.077-0.335,0.132-0.67,0.469-0.746c3.809-0.871,7.077-0.496,9.713,1.115C16.673,15.746,16.766,16.13,16.586,16.424 M17.81,13.7 c-0.226,0.367-0.706,0.482-1.072,0.257c-2.687-1.652-6.785-2.131-9.965-1.166C6.36,12.917,5.925,12.684,5.8,12.273 C5.675,11.86,5.908,11.425,6.32,11.3c3.632-1.102,8.147-0.568,11.234,1.328C17.92,12.854,18.035,13.335,17.81,13.7 M17.915,10.865 c-3.223-1.914-8.54-2.09-11.618-1.156C5.804,9.859,5.281,9.58,5.131,9.086C4.982,8.591,5.26,8.069,5.755,7.919 c3.532-1.072,9.404-0.865,13.115,1.338c0.445,0.264,0.59,0.838,0.327,1.282C18.933,10.983,18.359,11.129,17.915,10.865\"><\/path><\/svg><span class=\"wp-block-social-link-label screen-reader-text\">Spotify<\/span><\/a><\/li>\n\n<li class=\"wp-social-link wp-social-link-youtube  wp-block-social-link\"><a href=\"https:\/\/youtu.be\/aiZN5vWt2UU\" class=\"wp-block-social-link-anchor\"><svg width=\"24\" height=\"24\" viewBox=\"0 0 24 24\" version=\"1.1\" xmlns=\"http:\/\/www.w3.org\/2000\/svg\" aria-hidden=\"true\" focusable=\"false\"><path d=\"M21.8,8.001c0,0-0.195-1.378-0.795-1.985c-0.76-0.797-1.613-0.801-2.004-0.847c-2.799-0.202-6.997-0.202-6.997-0.202 h-0.009c0,0-4.198,0-6.997,0.202C4.608,5.216,3.756,5.22,2.995,6.016C2.395,6.623,2.2,8.001,2.2,8.001S2,9.62,2,11.238v1.517 c0,1.618,0.2,3.237,0.2,3.237s0.195,1.378,0.795,1.985c0.761,0.797,1.76,0.771,2.205,0.855c1.6,0.153,6.8,0.201,6.8,0.201 s4.203-0.006,7.001-0.209c0.391-0.047,1.243-0.051,2.004-0.847c0.6-0.607,0.795-1.985,0.795-1.985s0.2-1.618,0.2-3.237v-1.517 C22,9.62,21.8,8.001,21.8,8.001z M9.935,14.594l-0.001-5.62l5.404,2.82L9.935,14.594z\"><\/path><\/svg><span class=\"wp-block-social-link-label screen-reader-text\">YouTube<\/span><\/a><\/li><\/ul>\n\n\n\n<div class=\"wp-block-columns is-layout-flex wp-container-core-columns-is-layout-9d6595d7 wp-block-columns-is-layout-flex\">\n<div class=\"wp-block-column is-layout-flow wp-block-column-is-layout-flow\">\n<figure class=\"wp-block-embed alignfull is-type-video is-provider-youtube wp-block-embed-youtube wp-embed-aspect-16-9 wp-has-aspect-ratio\"><div class=\"wp-block-embed__wrapper\">\n<iframe loading=\"lazy\" title=\"Amarok - Insomnia\" width=\"970\" height=\"546\" src=\"https:\/\/www.youtube.com\/embed\/eIaZiDJCwuI?feature=oembed\" frameborder=\"0\" allow=\"accelerometer; autoplay; clipboard-write; encrypted-media; gyroscope; picture-in-picture; web-share\" allowfullscreen><\/iframe>\n<\/div><\/figure>\n<\/div>\n\n\n\n<div class=\"wp-block-column is-layout-flow wp-block-column-is-layout-flow\">\n<figure class=\"wp-block-embed alignfull is-type-video is-provider-youtube wp-block-embed-youtube wp-embed-aspect-16-9 wp-has-aspect-ratio\"><div class=\"wp-block-embed__wrapper\">\n<iframe loading=\"lazy\" title=\"Amarok - It\u2019s Not The End (Official Music Video)\" width=\"970\" height=\"546\" src=\"https:\/\/www.youtube.com\/embed\/aiZN5vWt2UU?feature=oembed\" frameborder=\"0\" allow=\"accelerometer; autoplay; clipboard-write; encrypted-media; gyroscope; picture-in-picture; web-share\" allowfullscreen><\/iframe>\n<\/div><\/figure>\n<\/div>\n<\/div>\n\n\n\n<figure class=\"wp-block-gallery has-nested-images columns-default is-cropped wp-block-gallery-1 is-layout-flex wp-block-gallery-is-layout-flex\">\n<figure class=\"wp-block-image size-full\"><a href=\"https:\/\/amarokstudio.pl\/wp-content\/uploads\/2023\/04\/45269580_1981608131905518_6238875215066038272_n.jpg\" target=\"_blank\" rel=\"noreferrer noopener\"><img loading=\"lazy\" decoding=\"async\" width=\"960\" height=\"638\" data-id=\"1211\" src=\"http:\/\/wojtasmusic.pl\/wp-content\/uploads\/2023\/04\/45269580_1981608131905518_6238875215066038272_n.jpg\" alt=\"\" class=\"wp-image-1211\" srcset=\"https:\/\/amarokstudio.pl\/wp-content\/uploads\/2023\/04\/45269580_1981608131905518_6238875215066038272_n.jpg 960w, https:\/\/amarokstudio.pl\/wp-content\/uploads\/2023\/04\/45269580_1981608131905518_6238875215066038272_n-300x199.jpg 300w, https:\/\/amarokstudio.pl\/wp-content\/uploads\/2023\/04\/45269580_1981608131905518_6238875215066038272_n-768x510.jpg 768w\" sizes=\"auto, (max-width: 960px) 100vw, 960px\" \/><\/a><\/figure>\n\n\n\n<figure class=\"wp-block-image size-full\"><a href=\"https:\/\/amarokstudio.pl\/wp-content\/uploads\/2023\/04\/39388064_1868500469882952_1938989597396566016_n.jpg\" target=\"_blank\" rel=\"noreferrer noopener\"><img loading=\"lazy\" decoding=\"async\" width=\"1080\" height=\"1350\" data-id=\"1215\" src=\"http:\/\/wojtasmusic.pl\/wp-content\/uploads\/2023\/04\/39388064_1868500469882952_1938989597396566016_n.jpg\" alt=\"\" class=\"wp-image-1215\" srcset=\"https:\/\/amarokstudio.pl\/wp-content\/uploads\/2023\/04\/39388064_1868500469882952_1938989597396566016_n.jpg 1080w, https:\/\/amarokstudio.pl\/wp-content\/uploads\/2023\/04\/39388064_1868500469882952_1938989597396566016_n-240x300.jpg 240w, https:\/\/amarokstudio.pl\/wp-content\/uploads\/2023\/04\/39388064_1868500469882952_1938989597396566016_n-819x1024.jpg 819w, https:\/\/amarokstudio.pl\/wp-content\/uploads\/2023\/04\/39388064_1868500469882952_1938989597396566016_n-768x960.jpg 768w\" sizes=\"auto, (max-width: 1080px) 100vw, 1080px\" \/><\/a><\/figure>\n\n\n\n<figure class=\"wp-block-image size-full\"><a href=\"https:\/\/amarokstudio.pl\/wp-content\/uploads\/2023\/04\/67239267_2917392218275545_8276127260398845952_n-2.jpg\" target=\"_blank\" rel=\"noreferrer noopener\"><img loading=\"lazy\" decoding=\"async\" width=\"1048\" height=\"791\" data-id=\"1210\" src=\"http:\/\/wojtasmusic.pl\/wp-content\/uploads\/2023\/04\/67239267_2917392218275545_8276127260398845952_n-2.jpg\" alt=\"\" class=\"wp-image-1210\" srcset=\"https:\/\/amarokstudio.pl\/wp-content\/uploads\/2023\/04\/67239267_2917392218275545_8276127260398845952_n-2.jpg 1048w, https:\/\/amarokstudio.pl\/wp-content\/uploads\/2023\/04\/67239267_2917392218275545_8276127260398845952_n-2-300x226.jpg 300w\" sizes=\"auto, (max-width: 1048px) 100vw, 1048px\" \/><\/a><\/figure>\n<\/figure>\n\n\n\n<figure class=\"wp-block-gallery has-nested-images columns-default is-cropped wp-block-gallery-2 is-layout-flex wp-block-gallery-is-layout-flex\">\n<figure class=\"wp-block-image size-full\"><a href=\"https:\/\/amarokstudio.pl\/wp-content\/uploads\/2023\/04\/326413493_731883861549212_2928618252241907489_n.jpg\" target=\"_blank\" rel=\"noreferrer noopener\"><img loading=\"lazy\" decoding=\"async\" width=\"2000\" height=\"1447\" data-id=\"1219\" src=\"http:\/\/wojtasmusic.pl\/wp-content\/uploads\/2023\/04\/326413493_731883861549212_2928618252241907489_n.jpg\" alt=\"\" class=\"wp-image-1219\" srcset=\"https:\/\/amarokstudio.pl\/wp-content\/uploads\/2023\/04\/326413493_731883861549212_2928618252241907489_n.jpg 2000w, https:\/\/amarokstudio.pl\/wp-content\/uploads\/2023\/04\/326413493_731883861549212_2928618252241907489_n-300x217.jpg 300w, https:\/\/amarokstudio.pl\/wp-content\/uploads\/2023\/04\/326413493_731883861549212_2928618252241907489_n-1024x741.jpg 1024w, https:\/\/amarokstudio.pl\/wp-content\/uploads\/2023\/04\/326413493_731883861549212_2928618252241907489_n-768x556.jpg 768w, https:\/\/amarokstudio.pl\/wp-content\/uploads\/2023\/04\/326413493_731883861549212_2928618252241907489_n-1536x1111.jpg 1536w\" sizes=\"auto, (max-width: 2000px) 100vw, 2000px\" \/><\/a><\/figure>\n\n\n\n<figure class=\"wp-block-image size-full\"><a href=\"https:\/\/amarokstudio.pl\/wp-content\/uploads\/2023\/04\/287965991_436813021599822_5534529973004676196_n.jpg\" target=\"_blank\" rel=\"noreferrer noopener\"><img loading=\"lazy\" decoding=\"async\" width=\"1364\" height=\"908\" data-id=\"1221\" src=\"http:\/\/wojtasmusic.pl\/wp-content\/uploads\/2023\/04\/287965991_436813021599822_5534529973004676196_n.jpg\" alt=\"\" class=\"wp-image-1221\" title=\"fot. FotoJester\" srcset=\"https:\/\/amarokstudio.pl\/wp-content\/uploads\/2023\/04\/287965991_436813021599822_5534529973004676196_n.jpg 1364w, https:\/\/amarokstudio.pl\/wp-content\/uploads\/2023\/04\/287965991_436813021599822_5534529973004676196_n-300x200.jpg 300w, https:\/\/amarokstudio.pl\/wp-content\/uploads\/2023\/04\/287965991_436813021599822_5534529973004676196_n-1024x682.jpg 1024w, https:\/\/amarokstudio.pl\/wp-content\/uploads\/2023\/04\/287965991_436813021599822_5534529973004676196_n-768x511.jpg 768w, https:\/\/amarokstudio.pl\/wp-content\/uploads\/2023\/04\/287965991_436813021599822_5534529973004676196_n-391x260.jpg 391w\" sizes=\"auto, (max-width: 1364px) 100vw, 1364px\" \/><\/a><\/figure>\n\n\n\n<figure class=\"wp-block-image size-full\"><a href=\"https:\/\/amarokstudio.pl\/wp-content\/uploads\/2023\/04\/52340294201_b52cda0eb4_o-scaled.jpg\" target=\"_blank\" rel=\"noreferrer noopener\"><img loading=\"lazy\" decoding=\"async\" width=\"2560\" height=\"1709\" data-id=\"1223\" src=\"http:\/\/wojtasmusic.pl\/wp-content\/uploads\/2023\/04\/52340294201_b52cda0eb4_o-scaled.jpg\" alt=\"\" class=\"wp-image-1223\" srcset=\"https:\/\/amarokstudio.pl\/wp-content\/uploads\/2023\/04\/52340294201_b52cda0eb4_o-scaled.jpg 2560w, https:\/\/amarokstudio.pl\/wp-content\/uploads\/2023\/04\/52340294201_b52cda0eb4_o-300x200.jpg 300w, https:\/\/amarokstudio.pl\/wp-content\/uploads\/2023\/04\/52340294201_b52cda0eb4_o-1024x683.jpg 1024w, https:\/\/amarokstudio.pl\/wp-content\/uploads\/2023\/04\/52340294201_b52cda0eb4_o-768x513.jpg 768w, https:\/\/amarokstudio.pl\/wp-content\/uploads\/2023\/04\/52340294201_b52cda0eb4_o-391x260.jpg 391w, https:\/\/amarokstudio.pl\/wp-content\/uploads\/2023\/04\/52340294201_b52cda0eb4_o-1536x1025.jpg 1536w, https:\/\/amarokstudio.pl\/wp-content\/uploads\/2023\/04\/52340294201_b52cda0eb4_o-2048x1367.jpg 2048w\" sizes=\"auto, (max-width: 2560px) 100vw, 2560px\" \/><\/a><\/figure>\n\n\n\n<figure class=\"wp-block-image size-full\"><a href=\"https:\/\/amarokstudio.pl\/wp-content\/uploads\/2023\/04\/52339267287_c00a819ebe_o-scaled.jpg\" target=\"_blank\" rel=\"noreferrer noopener\"><img loading=\"lazy\" decoding=\"async\" width=\"2560\" height=\"1703\" data-id=\"1224\" src=\"http:\/\/wojtasmusic.pl\/wp-content\/uploads\/2023\/04\/52339267287_c00a819ebe_o-scaled.jpg\" alt=\"\" class=\"wp-image-1224\" srcset=\"https:\/\/amarokstudio.pl\/wp-content\/uploads\/2023\/04\/52339267287_c00a819ebe_o-scaled.jpg 2560w, https:\/\/amarokstudio.pl\/wp-content\/uploads\/2023\/04\/52339267287_c00a819ebe_o-300x200.jpg 300w, https:\/\/amarokstudio.pl\/wp-content\/uploads\/2023\/04\/52339267287_c00a819ebe_o-1024x681.jpg 1024w, https:\/\/amarokstudio.pl\/wp-content\/uploads\/2023\/04\/52339267287_c00a819ebe_o-768x511.jpg 768w, https:\/\/amarokstudio.pl\/wp-content\/uploads\/2023\/04\/52339267287_c00a819ebe_o-391x260.jpg 391w, https:\/\/amarokstudio.pl\/wp-content\/uploads\/2023\/04\/52339267287_c00a819ebe_o-1536x1022.jpg 1536w, https:\/\/amarokstudio.pl\/wp-content\/uploads\/2023\/04\/52339267287_c00a819ebe_o-2048x1363.jpg 2048w\" sizes=\"auto, (max-width: 2560px) 100vw, 2560px\" \/><\/a><\/figure>\n<\/figure>\n\n\n\n<figure class=\"wp-block-embed is-type-video is-provider-youtube wp-block-embed-youtube wp-embed-aspect-16-9 wp-has-aspect-ratio\"><div class=\"wp-block-embed__wrapper\">\n<iframe loading=\"lazy\" title=\"Amarok - Hero (Official)\" width=\"970\" height=\"546\" src=\"https:\/\/www.youtube.com\/embed\/ISvVFCX2vrI?feature=oembed\" frameborder=\"0\" allow=\"accelerometer; autoplay; clipboard-write; encrypted-media; gyroscope; picture-in-picture; web-share\" allowfullscreen><\/iframe>\n<\/div><\/figure>\n\n\n\n<figure class=\"wp-block-embed is-type-rich is-provider-spotify wp-block-embed-spotify wp-embed-aspect-21-9 wp-has-aspect-ratio\"><div class=\"wp-block-embed__wrapper\">\n<iframe title=\"Spotify Embed: Amarok\" style=\"border-radius: 12px\" width=\"100%\" height=\"352\" frameborder=\"0\" allowfullscreen allow=\"autoplay; clipboard-write; encrypted-media; fullscreen; picture-in-picture\" loading=\"lazy\" src=\"https:\/\/open.spotify.com\/embed\/artist\/7wzRaLHNSWIG8ZHK2hQljt?si=-Fxk8yGoQeWGXGGxxcI09w&#038;utm_source=oembed\"><\/iframe>\n<\/div><\/figure>\n","protected":false},"excerpt":{"rendered":"<p>Amarok ma swoj\u0105 stron\u0119, na kt\u00f3rej jest wiele informacji, ale tutaj dodam tylko, \u017ce jest to projekt, z kt\u00f3rym debiutowa\u0142em ponad 20 lat temu. Muzyka to kombinacja elektroniki, folku i rocka. Niekt\u00f3rzy m\u00f3wi\u0105, \u017ce to rock progresywny a inni, \u017ce to post rock. Z czasem, takim drugim trzonem Amaroka sta\u0142a si\u0119 moja \u017cona &#8211; Marta [&hellip;]<\/p>\n","protected":false},"author":1,"featured_media":0,"parent":0,"menu_order":0,"comment_status":"closed","ping_status":"closed","template":"","meta":{"footnotes":""},"class_list":["post-1496","page","type-page","status-publish","hentry"],"_links":{"self":[{"href":"https:\/\/amarokstudio.pl\/index.php?rest_route=\/wp\/v2\/pages\/1496","targetHints":{"allow":["GET"]}}],"collection":[{"href":"https:\/\/amarokstudio.pl\/index.php?rest_route=\/wp\/v2\/pages"}],"about":[{"href":"https:\/\/amarokstudio.pl\/index.php?rest_route=\/wp\/v2\/types\/page"}],"author":[{"embeddable":true,"href":"https:\/\/amarokstudio.pl\/index.php?rest_route=\/wp\/v2\/users\/1"}],"replies":[{"embeddable":true,"href":"https:\/\/amarokstudio.pl\/index.php?rest_route=%2Fwp%2Fv2%2Fcomments&post=1496"}],"version-history":[{"count":18,"href":"https:\/\/amarokstudio.pl\/index.php?rest_route=\/wp\/v2\/pages\/1496\/revisions"}],"predecessor-version":[{"id":1843,"href":"https:\/\/amarokstudio.pl\/index.php?rest_route=\/wp\/v2\/pages\/1496\/revisions\/1843"}],"wp:attachment":[{"href":"https:\/\/amarokstudio.pl\/index.php?rest_route=%2Fwp%2Fv2%2Fmedia&parent=1496"}],"curies":[{"name":"wp","href":"https:\/\/api.w.org\/{rel}","templated":true}]}}