{"id":1494,"date":"2023-04-30T19:17:54","date_gmt":"2023-04-30T17:17:54","guid":{"rendered":"http:\/\/wojtasmusic.pl\/?page_id=1494"},"modified":"2024-02-01T18:28:40","modified_gmt":"2024-02-01T17:28:40","slug":"o-mnie","status":"publish","type":"page","link":"https:\/\/amarokstudio.pl\/?page_id=1494&lang=pl","title":{"rendered":"o mnie"},"content":{"rendered":"\n<p><mark style=\"background-color:rgba(0, 0, 0, 0)\" class=\"has-inline-color has-luminous-vivid-amber-color\">Witaj<\/mark>, nazywam si\u0119 Micha\u0142 Wojtas. Jestem songwriterem, kompozytorem, producentem muzycznym, miksuje i masteruje p\u0142yty. \u015apiewam i gram na r\u00f3\u017cnych instrumentach, g\u0142\u00f3wnie na gitarach i klawiszach. Jestem za\u0142o\u017cycielem takich zespo\u0142\u00f3w jak <a href=\"https:\/\/amarok.pl\" target=\"_blank\" rel=\"noreferrer noopener\"><mark style=\"background-color:rgba(0, 0, 0, 0)\" class=\"has-inline-color has-luminous-vivid-amber-color\">Amarok<\/mark><\/a>, Uniqplan i Catster. Przez kilka lat wraz z Mart\u0105 Wojtas prowadzi\u0142em audycj\u0119 &#8220;Strefa Wilka&#8221; w radiu Rockserwis FM. Wsp\u00f3\u0142pracuj\u0119 r\u00f3wnie\u017c z wieloma artystami, w tym zespo\u0142ami, wokalistami, producentami, a tak\u017ce tancerzami i choreografami z wielu kraj\u00f3w (patrz <a href=\"http:\/\/amarokstudio.pl\/?page_id=1504&amp;lang=pl\" data-type=\"link\" data-id=\"http:\/\/amarokstudio.pl\/?page_id=1504&amp;lang=pl\">muzyka<\/a>). Zajmuj\u0119 si\u0119 r\u00f3wnie\u017c tworzeniem oprogramowania muzycznego (vst). Cz\u0119sto arty\u015bci kontaktuj\u0105 si\u0119 ze mn\u0105, abym zmiksowa\u0142 ich nagrania, nagra\u0142 kilka utwor\u00f3w lub wyprodukowa\u0142 dla nich album, a ja jestem bardziej ni\u017c szcz\u0119\u015bliwy, kiedy mog\u0119 to zrobi\u0107. Uwielbiam tworzy\u0107, eksperymentowa\u0107, produkowa\u0107, nagrywa\u0107 i w ko\u0144cu miksowa\u0107 muzyk\u0119. Jestem skrzy\u017cowaniem muzyki elektronicznej, folku, popu i rocka. Je\u015bli chcesz, \u017cebym pracowa\u0142 nad Twoim projektem lub chcesz wsp\u00f3\u0142pracowa\u0107, po prostu <a href=\"http:\/\/wojtasmusic.pl\/?page_id=1513&amp;lang=pl\" target=\"_blank\" rel=\"noreferrer noopener\"><mark style=\"background-color:rgba(0, 0, 0, 0)\" class=\"has-inline-color has-luminous-vivid-amber-color\">skontaktuj si\u0119 ze mn\u0105<\/mark><\/a>. Z przyjemno\u015bci\u0105 zrobi\u0119 co\u015b razem \ud83d\ude42<\/p>\n\n\n\n<figure class=\"wp-block-gallery has-nested-images columns-default is-cropped wp-block-gallery-1 is-layout-flex wp-block-gallery-is-layout-flex\">\n<figure class=\"wp-block-image size-large\"><a href=\"https:\/\/amarokstudio.pl\/wp-content\/uploads\/2023\/04\/PSX_20210324_082029-scaled.jpg\"><img decoding=\"async\" src=\"http:\/\/amarokstudio.pl\/wp-content\/uploads\/2023\/04\/PSX_20210324_082029-scaled.jpg\" alt=\"\" title=\"fot. Natalia Dynek\"\/><\/a><\/figure>\n\n\n\n<figure class=\"wp-block-image size-large\"><a href=\"https:\/\/amarokstudio.pl\/wp-content\/uploads\/2023\/04\/09B0FC8C-1D04-4DEC-AE01-356C295E23FD.jpg\" target=\"_blank\" rel=\"noreferrer noopener\"><img loading=\"lazy\" decoding=\"async\" width=\"1024\" height=\"682\" data-id=\"1446\" src=\"http:\/\/wojtasmusic.pl\/wp-content\/uploads\/2023\/04\/09B0FC8C-1D04-4DEC-AE01-356C295E23FD-1024x682.jpg\" alt=\"\" class=\"wp-image-1446\" title=\"fot. Slawek Wachala\" srcset=\"https:\/\/amarokstudio.pl\/wp-content\/uploads\/2023\/04\/09B0FC8C-1D04-4DEC-AE01-356C295E23FD-1024x682.jpg 1024w, https:\/\/amarokstudio.pl\/wp-content\/uploads\/2023\/04\/09B0FC8C-1D04-4DEC-AE01-356C295E23FD-300x200.jpg 300w, https:\/\/amarokstudio.pl\/wp-content\/uploads\/2023\/04\/09B0FC8C-1D04-4DEC-AE01-356C295E23FD-768x512.jpg 768w, https:\/\/amarokstudio.pl\/wp-content\/uploads\/2023\/04\/09B0FC8C-1D04-4DEC-AE01-356C295E23FD-391x260.jpg 391w, https:\/\/amarokstudio.pl\/wp-content\/uploads\/2023\/04\/09B0FC8C-1D04-4DEC-AE01-356C295E23FD-1536x1023.jpg 1536w, https:\/\/amarokstudio.pl\/wp-content\/uploads\/2023\/04\/09B0FC8C-1D04-4DEC-AE01-356C295E23FD.jpg 2048w\" sizes=\"auto, (max-width: 1024px) 100vw, 1024px\" \/><\/a><\/figure>\n\n\n\n<figure class=\"wp-block-image size-full\"><a href=\"https:\/\/amarokstudio.pl\/wp-content\/uploads\/2023\/04\/13580405_1090681190998221_7376956458143108027_o.jpg\"><img loading=\"lazy\" decoding=\"async\" width=\"1536\" height=\"2048\" data-id=\"1348\" src=\"http:\/\/wojtasmusic.pl\/wp-content\/uploads\/2023\/04\/13580405_1090681190998221_7376956458143108027_o.jpg\" alt=\"\" class=\"wp-image-1348\" srcset=\"https:\/\/amarokstudio.pl\/wp-content\/uploads\/2023\/04\/13580405_1090681190998221_7376956458143108027_o.jpg 1536w, https:\/\/amarokstudio.pl\/wp-content\/uploads\/2023\/04\/13580405_1090681190998221_7376956458143108027_o-225x300.jpg 225w, https:\/\/amarokstudio.pl\/wp-content\/uploads\/2023\/04\/13580405_1090681190998221_7376956458143108027_o-768x1024.jpg 768w, https:\/\/amarokstudio.pl\/wp-content\/uploads\/2023\/04\/13580405_1090681190998221_7376956458143108027_o-300x400.jpg 300w, https:\/\/amarokstudio.pl\/wp-content\/uploads\/2023\/04\/13580405_1090681190998221_7376956458143108027_o-1152x1536.jpg 1152w\" sizes=\"auto, (max-width: 1536px) 100vw, 1536px\" \/><\/a><\/figure>\n\n\n\n<figure class=\"wp-block-image size-full\"><a href=\"https:\/\/amarokstudio.pl\/wp-content\/uploads\/2023\/04\/56255398_2674754829205953_3275916340006748160_n.jpg\"><img loading=\"lazy\" decoding=\"async\" width=\"1080\" height=\"1101\" data-id=\"1352\" src=\"http:\/\/wojtasmusic.pl\/wp-content\/uploads\/2023\/04\/56255398_2674754829205953_3275916340006748160_n.jpg\" alt=\"\" class=\"wp-image-1352\" title=\"fot. Zaneta Augustin\" srcset=\"https:\/\/amarokstudio.pl\/wp-content\/uploads\/2023\/04\/56255398_2674754829205953_3275916340006748160_n.jpg 1080w, https:\/\/amarokstudio.pl\/wp-content\/uploads\/2023\/04\/56255398_2674754829205953_3275916340006748160_n-294x300.jpg 294w, https:\/\/amarokstudio.pl\/wp-content\/uploads\/2023\/04\/56255398_2674754829205953_3275916340006748160_n-1004x1024.jpg 1004w, https:\/\/amarokstudio.pl\/wp-content\/uploads\/2023\/04\/56255398_2674754829205953_3275916340006748160_n-768x783.jpg 768w\" sizes=\"auto, (max-width: 1080px) 100vw, 1080px\" \/><\/a><\/figure>\n\n\n\n<figure class=\"wp-block-image size-large\"><a href=\"https:\/\/amarokstudio.pl\/wp-content\/uploads\/2023\/04\/DSC_7633.jpg\" target=\"_blank\" rel=\"noreferrer noopener\"><img decoding=\"async\" src=\"http:\/\/amarokstudio.pl\/wp-content\/uploads\/2023\/04\/DSC_7633.jpg\" alt=\"\" title=\"fot. Wieslaw Marciniak\"\/><\/a><\/figure>\n\n\n\n<figure class=\"wp-block-image size-full\"><a href=\"https:\/\/amarokstudio.pl\/wp-content\/uploads\/2023\/04\/95C7019E-F37A-407A-AB4D-0D2CA0A7DF8B.jpg\"><img loading=\"lazy\" decoding=\"async\" width=\"1440\" height=\"1800\" data-id=\"1353\" src=\"http:\/\/wojtasmusic.pl\/wp-content\/uploads\/2023\/04\/95C7019E-F37A-407A-AB4D-0D2CA0A7DF8B.jpg\" alt=\"\" class=\"wp-image-1353\" srcset=\"https:\/\/amarokstudio.pl\/wp-content\/uploads\/2023\/04\/95C7019E-F37A-407A-AB4D-0D2CA0A7DF8B.jpg 1440w, https:\/\/amarokstudio.pl\/wp-content\/uploads\/2023\/04\/95C7019E-F37A-407A-AB4D-0D2CA0A7DF8B-240x300.jpg 240w, https:\/\/amarokstudio.pl\/wp-content\/uploads\/2023\/04\/95C7019E-F37A-407A-AB4D-0D2CA0A7DF8B-819x1024.jpg 819w, https:\/\/amarokstudio.pl\/wp-content\/uploads\/2023\/04\/95C7019E-F37A-407A-AB4D-0D2CA0A7DF8B-768x960.jpg 768w, https:\/\/amarokstudio.pl\/wp-content\/uploads\/2023\/04\/95C7019E-F37A-407A-AB4D-0D2CA0A7DF8B-1229x1536.jpg 1229w\" sizes=\"auto, (max-width: 1440px) 100vw, 1440px\" \/><\/a><\/figure>\n\n\n\n<figure class=\"wp-block-image size-full\"><a href=\"https:\/\/amarokstudio.pl\/wp-content\/uploads\/2023\/04\/67384347_2391754290890898_119275210359701504_n.jpg\"><img loading=\"lazy\" decoding=\"async\" width=\"534\" height=\"800\" data-id=\"1360\" src=\"http:\/\/wojtasmusic.pl\/wp-content\/uploads\/2023\/04\/67384347_2391754290890898_119275210359701504_n.jpg\" alt=\"\" class=\"wp-image-1360\" title=\"fot. Robert Grablewski\" srcset=\"https:\/\/amarokstudio.pl\/wp-content\/uploads\/2023\/04\/67384347_2391754290890898_119275210359701504_n.jpg 534w, https:\/\/amarokstudio.pl\/wp-content\/uploads\/2023\/04\/67384347_2391754290890898_119275210359701504_n-200x300.jpg 200w\" sizes=\"auto, (max-width: 534px) 100vw, 534px\" \/><\/a><\/figure>\n\n\n\n<figure class=\"wp-block-image size-full\"><a href=\"https:\/\/amarokstudio.pl\/wp-content\/uploads\/2023\/04\/87580476_3454935681187860_869429555419414528_n.jpg\"><img loading=\"lazy\" decoding=\"async\" width=\"1895\" height=\"1895\" data-id=\"1361\" src=\"http:\/\/wojtasmusic.pl\/wp-content\/uploads\/2023\/04\/87580476_3454935681187860_869429555419414528_n.jpg\" alt=\"\" class=\"wp-image-1361\" title=\"fot. Darek Kawka\" srcset=\"https:\/\/amarokstudio.pl\/wp-content\/uploads\/2023\/04\/87580476_3454935681187860_869429555419414528_n.jpg 1895w, https:\/\/amarokstudio.pl\/wp-content\/uploads\/2023\/04\/87580476_3454935681187860_869429555419414528_n-300x300.jpg 300w, https:\/\/amarokstudio.pl\/wp-content\/uploads\/2023\/04\/87580476_3454935681187860_869429555419414528_n-1024x1024.jpg 1024w, https:\/\/amarokstudio.pl\/wp-content\/uploads\/2023\/04\/87580476_3454935681187860_869429555419414528_n-150x150.jpg 150w, https:\/\/amarokstudio.pl\/wp-content\/uploads\/2023\/04\/87580476_3454935681187860_869429555419414528_n-768x768.jpg 768w, https:\/\/amarokstudio.pl\/wp-content\/uploads\/2023\/04\/87580476_3454935681187860_869429555419414528_n-1536x1536.jpg 1536w\" sizes=\"auto, (max-width: 1895px) 100vw, 1895px\" \/><\/a><\/figure>\n\n\n\n<figure class=\"wp-block-image size-large\"><a href=\"https:\/\/amarokstudio.pl\/wp-content\/uploads\/2023\/04\/79493717_3232289390119158_1562093044507869184_n.jpg\"><img decoding=\"async\" src=\"http:\/\/amarokstudio.pl\/wp-content\/uploads\/2023\/04\/79493717_3232289390119158_1562093044507869184_n.jpg\" alt=\"\"\/><\/a><\/figure>\n\n\n\n<figure class=\"wp-block-image size-large\"><a href=\"https:\/\/amarokstudio.pl\/wp-content\/uploads\/2023\/04\/18670758_1743776065637172_1637041653890973376_n.jpg\"><img decoding=\"async\" src=\"http:\/\/amarokstudio.pl\/wp-content\/uploads\/2023\/04\/18670758_1743776065637172_1637041653890973376_n.jpg\" alt=\"\"\/><\/a><\/figure>\n\n\n\n<figure class=\"wp-block-image size-large\"><a href=\"https:\/\/amarokstudio.pl\/wp-content\/uploads\/2023\/04\/299674735_6163215210359880_4079461549730340702_n.jpg\"><img decoding=\"async\" src=\"http:\/\/amarokstudio.pl\/wp-content\/uploads\/2023\/04\/299674735_6163215210359880_4079461549730340702_n.jpg\" alt=\"\"\/><\/a><\/figure>\n\n\n\n<figure class=\"wp-block-image size-large\"><a href=\"https:\/\/amarokstudio.pl\/wp-content\/uploads\/2023\/04\/306189675_6234019669946100_2217961967017142975_n.jpg\"><img decoding=\"async\" src=\"http:\/\/amarokstudio.pl\/wp-content\/uploads\/2023\/04\/306189675_6234019669946100_2217961967017142975_n.jpg\" alt=\"\"\/><\/a><\/figure>\n<\/figure>\n","protected":false},"excerpt":{"rendered":"<p>Witaj, nazywam si\u0119 Micha\u0142 Wojtas. Jestem songwriterem, kompozytorem, producentem muzycznym, miksuje i masteruje p\u0142yty. \u015apiewam i gram na r\u00f3\u017cnych instrumentach, g\u0142\u00f3wnie na gitarach i klawiszach. Jestem za\u0142o\u017cycielem takich zespo\u0142\u00f3w jak Amarok, Uniqplan i Catster. Przez kilka lat wraz z Mart\u0105 Wojtas prowadzi\u0142em audycj\u0119 &#8220;Strefa Wilka&#8221; w radiu Rockserwis FM. Wsp\u00f3\u0142pracuj\u0119 r\u00f3wnie\u017c z wieloma artystami, w [&hellip;]<\/p>\n","protected":false},"author":1,"featured_media":0,"parent":1498,"menu_order":1,"comment_status":"closed","ping_status":"closed","template":"","meta":{"footnotes":""},"class_list":["post-1494","page","type-page","status-publish","hentry"],"_links":{"self":[{"href":"https:\/\/amarokstudio.pl\/index.php?rest_route=\/wp\/v2\/pages\/1494","targetHints":{"allow":["GET"]}}],"collection":[{"href":"https:\/\/amarokstudio.pl\/index.php?rest_route=\/wp\/v2\/pages"}],"about":[{"href":"https:\/\/amarokstudio.pl\/index.php?rest_route=\/wp\/v2\/types\/page"}],"author":[{"embeddable":true,"href":"https:\/\/amarokstudio.pl\/index.php?rest_route=\/wp\/v2\/users\/1"}],"replies":[{"embeddable":true,"href":"https:\/\/amarokstudio.pl\/index.php?rest_route=%2Fwp%2Fv2%2Fcomments&post=1494"}],"version-history":[{"count":29,"href":"https:\/\/amarokstudio.pl\/index.php?rest_route=\/wp\/v2\/pages\/1494\/revisions"}],"predecessor-version":[{"id":1854,"href":"https:\/\/amarokstudio.pl\/index.php?rest_route=\/wp\/v2\/pages\/1494\/revisions\/1854"}],"up":[{"embeddable":true,"href":"https:\/\/amarokstudio.pl\/index.php?rest_route=\/wp\/v2\/pages\/1498"}],"wp:attachment":[{"href":"https:\/\/amarokstudio.pl\/index.php?rest_route=%2Fwp%2Fv2%2Fmedia&parent=1494"}],"curies":[{"name":"wp","href":"https:\/\/api.w.org\/{rel}","templated":true}]}}