{"id":1478,"date":"2023-04-12T23:50:03","date_gmt":"2023-04-12T21:50:03","guid":{"rendered":"http:\/\/wojtasmusic.pl\/?page_id=1478"},"modified":"2024-01-25T20:48:43","modified_gmt":"2024-01-25T19:48:43","slug":"demono-2","status":"publish","type":"page","link":"https:\/\/amarokstudio.pl\/?page_id=1478&lang=pl","title":{"rendered":"(De)Mono"},"content":{"rendered":"\n<figure class=\"wp-block-image size-medium\"><img loading=\"lazy\" decoding=\"async\" width=\"300\" height=\"225\" src=\"https:\/\/amarokstudio.pl\/wp-content\/uploads\/2024\/01\/8AC9F96C-4020-4DF2-8143-A237A1905834-300x225.jpg\" alt=\"\" class=\"wp-image-1823\" srcset=\"https:\/\/amarokstudio.pl\/wp-content\/uploads\/2024\/01\/8AC9F96C-4020-4DF2-8143-A237A1905834-300x225.jpg 300w, https:\/\/amarokstudio.pl\/wp-content\/uploads\/2024\/01\/8AC9F96C-4020-4DF2-8143-A237A1905834.jpg 720w\" sizes=\"auto, (max-width: 300px) 100vw, 300px\" \/><\/figure>\n\n\n\n<p>Z Markiem Ko\u015bcikiewiczem znamy si\u0119 od wielu lat. Pracujemy razem przy produkcji p\u0142yt i piosenek dla wielu gwiazd muzyki pop i artyst\u00f3w, w tym dla Marka. Jestem wdzi\u0119czny Markowi za spore do\u015bwiadczenie, kt\u00f3re wci\u0105\u017c zdobywam wsp\u00f3\u0142pracuj\u0105c z nim. Generalnie moja rola polega na wsp\u00f3lnym budowaniu piosenek, nagrywaniu instrument\u00f3w klawiszowych, gitar czy bit\u00f3w. Marek ma niesamowity instynkt do pisania hit\u00f3w, a przy tym jest mi\u0142ym i normalnym facetem. Mam r\u00f3wnie\u017c przyjemno\u015b\u0107 grywa\u0107 w zespole Marka na \u017cywo. Poni\u017cej kilka przyk\u0142ad\u00f3w naszej wsp\u00f3lnej pracy nad piosenkami Marka.<\/p>\n\n\n\n<p><\/p>\n\n\n\n<div class=\"wp-block-columns is-layout-flex wp-container-core-columns-is-layout-9d6595d7 wp-block-columns-is-layout-flex\">\n<div class=\"wp-block-column is-layout-flow wp-block-column-is-layout-flow\">\n<figure class=\"wp-block-embed alignfull is-type-video is-provider-youtube wp-block-embed-youtube wp-embed-aspect-16-9 wp-has-aspect-ratio\"><div class=\"wp-block-embed__wrapper\">\n<iframe loading=\"lazy\" title=\"Statki na niebie-Marek Ko\u015bcikiewicz (Official Video)\" width=\"970\" height=\"546\" src=\"https:\/\/www.youtube.com\/embed\/zyfQVeXNLIw?feature=oembed\" frameborder=\"0\" allow=\"accelerometer; autoplay; clipboard-write; encrypted-media; gyroscope; picture-in-picture; web-share\" allowfullscreen><\/iframe>\n<\/div><\/figure>\n\n\n\n<figure class=\"wp-block-embed alignfull is-type-video is-provider-youtube wp-block-embed-youtube wp-embed-aspect-16-9 wp-has-aspect-ratio\"><div class=\"wp-block-embed__wrapper\">\n<iframe loading=\"lazy\" title=\"Mono - Kiedy pada deszcz\" width=\"970\" height=\"546\" src=\"https:\/\/www.youtube.com\/embed\/WuAGp4ba2l8?feature=oembed\" frameborder=\"0\" allow=\"accelerometer; autoplay; clipboard-write; encrypted-media; gyroscope; picture-in-picture; web-share\" allowfullscreen><\/iframe>\n<\/div><\/figure>\n<\/div>\n\n\n\n<div class=\"wp-block-column is-layout-flow wp-block-column-is-layout-flow\">\n<figure class=\"wp-block-embed alignfull is-type-video is-provider-youtube wp-block-embed-youtube wp-embed-aspect-16-9 wp-has-aspect-ratio\"><div class=\"wp-block-embed__wrapper\">\n<iframe loading=\"lazy\" title=\"Mono - Ty Jeste\u015b Jutrem\" width=\"970\" height=\"546\" src=\"https:\/\/www.youtube.com\/embed\/dYTXiGVWw9A?feature=oembed\" frameborder=\"0\" allow=\"accelerometer; autoplay; clipboard-write; encrypted-media; gyroscope; picture-in-picture; web-share\" allowfullscreen><\/iframe>\n<\/div><\/figure>\n\n\n\n<figure class=\"wp-block-embed alignfull is-type-video is-provider-youtube wp-block-embed-youtube wp-embed-aspect-16-9 wp-has-aspect-ratio\"><div class=\"wp-block-embed__wrapper\">\n<iframe loading=\"lazy\" title=\"KAMIEN\u0301 I AKSAMIT - Marek Ko\u015bcikiewicz (LIVE)\" width=\"970\" height=\"546\" src=\"https:\/\/www.youtube.com\/embed\/e-cvr4BtJ28?feature=oembed\" frameborder=\"0\" allow=\"accelerometer; autoplay; clipboard-write; encrypted-media; gyroscope; picture-in-picture; web-share\" allowfullscreen><\/iframe>\n<\/div><\/figure>\n<\/div>\n<\/div>\n\n\n\n<figure class=\"wp-block-embed is-type-rich is-provider-spotify wp-block-embed-spotify wp-embed-aspect-21-9 wp-has-aspect-ratio\"><div class=\"wp-block-embed__wrapper\">\n<iframe title=\"Spotify Embed: Marek Koscikiewicz\" style=\"border-radius: 12px\" width=\"100%\" height=\"352\" frameborder=\"0\" allowfullscreen allow=\"autoplay; clipboard-write; encrypted-media; fullscreen; picture-in-picture\" loading=\"lazy\" src=\"https:\/\/open.spotify.com\/embed\/artist\/5owFqwZhwVEjvhDQxnLLpN?si=EulItRiRThOXuTBZK0_Yqw&#038;utm_source=oembed\"><\/iframe>\n<\/div><\/figure>\n","protected":false},"excerpt":{"rendered":"<p>Z Markiem Ko\u015bcikiewiczem znamy si\u0119 od wielu lat. Pracujemy razem przy produkcji p\u0142yt i piosenek dla wielu gwiazd muzyki pop i artyst\u00f3w, w tym dla Marka. Jestem wdzi\u0119czny Markowi za spore do\u015bwiadczenie, kt\u00f3re wci\u0105\u017c zdobywam wsp\u00f3\u0142pracuj\u0105c z nim. Generalnie moja rola polega na wsp\u00f3lnym budowaniu piosenek, nagrywaniu instrument\u00f3w klawiszowych, gitar czy bit\u00f3w. Marek ma niesamowity [&hellip;]<\/p>\n","protected":false},"author":1,"featured_media":0,"parent":0,"menu_order":0,"comment_status":"closed","ping_status":"closed","template":"","meta":{"footnotes":""},"class_list":["post-1478","page","type-page","status-publish","hentry"],"_links":{"self":[{"href":"https:\/\/amarokstudio.pl\/index.php?rest_route=\/wp\/v2\/pages\/1478","targetHints":{"allow":["GET"]}}],"collection":[{"href":"https:\/\/amarokstudio.pl\/index.php?rest_route=\/wp\/v2\/pages"}],"about":[{"href":"https:\/\/amarokstudio.pl\/index.php?rest_route=\/wp\/v2\/types\/page"}],"author":[{"embeddable":true,"href":"https:\/\/amarokstudio.pl\/index.php?rest_route=\/wp\/v2\/users\/1"}],"replies":[{"embeddable":true,"href":"https:\/\/amarokstudio.pl\/index.php?rest_route=%2Fwp%2Fv2%2Fcomments&post=1478"}],"version-history":[{"count":5,"href":"https:\/\/amarokstudio.pl\/index.php?rest_route=\/wp\/v2\/pages\/1478\/revisions"}],"predecessor-version":[{"id":1825,"href":"https:\/\/amarokstudio.pl\/index.php?rest_route=\/wp\/v2\/pages\/1478\/revisions\/1825"}],"wp:attachment":[{"href":"https:\/\/amarokstudio.pl\/index.php?rest_route=%2Fwp%2Fv2%2Fmedia&parent=1478"}],"curies":[{"name":"wp","href":"https:\/\/api.w.org\/{rel}","templated":true}]}}