{"id":120,"date":"2022-12-17T22:40:25","date_gmt":"2022-12-17T21:40:25","guid":{"rendered":"http:\/\/wojtasmusic.pl\/?page_id=120"},"modified":"2024-02-01T09:50:43","modified_gmt":"2024-02-01T08:50:43","slug":"mix-mastering","status":"publish","type":"page","link":"https:\/\/amarokstudio.pl\/?page_id=120","title":{"rendered":"studio"},"content":{"rendered":"\n<p><mark style=\"background-color:rgba(0, 0, 0, 0)\" class=\"has-inline-color has-luminous-vivid-amber-color\"><strong>I<\/strong><\/mark> invite you to work on your project! I offer recording mixing, mastering, music production, recording or other consultations. It is also possible to rent the studio itself. I also collaborate online.<\/p>\n\n\n\n<p>For as long as I can remember, I have always been involved in mixing my music projects and bands (Amarok, Uniqplan, Catster and others). First by observing the work of the sound engineers I worked with, and then by working completely on my own. Of course, I trained my skills also under the supervision of such renowned sound engineers as Rafa\u0142 Smole\u0144 or Robert Szyd\u0142o, as well as working with or listening to very talented sound engineers such as Szymon Sienko, Marcin Bors, Marcin Gajko, Magda &amp; Robert Srzedniccy, Chris Aiken and others. I also worked with Paul Pritchard (Abbey Road Studios), with whom we mixed the whole album. For me, mixing and then mastering is the fascinating and creative work that completes each track. I treat the mixing of music not just as a balance of the whole but rather as an extension of the production or arrangement of the music. I often work in different studios, but mainly in my atelier called &#8216;Amarok Studio&#8217; in Warsaw, at. Rydygiera 8. I also work online. If you want me to mix or master your tracks just <a href=\"https:\/\/amarokstudio.pl\/?page_id=118\" data-type=\"link\" data-id=\"https:\/\/amarokstudio.pl\/?page_id=118\" target=\"_blank\" rel=\"noreferrer noopener\">contact<\/a><mark style=\"background-color:rgba(0, 0, 0, 0)\" class=\"has-inline-color has-luminous-vivid-amber-color\"> me<\/mark>.<\/p>\n\n\n\n<figure class=\"wp-block-gallery has-nested-images columns-2 is-cropped wp-block-gallery-1 is-layout-flex wp-block-gallery-is-layout-flex\">\n<figure class=\"wp-block-image size-large\"><a href=\"http:\/\/amarokstudio.pl\/wp-content\/uploads\/2023\/04\/156589486_4496467537034664_3420192608536288752_n.jpg\"><img decoding=\"async\" src=\"http:\/\/amarokstudio.pl\/wp-content\/uploads\/2023\/04\/156589486_4496467537034664_3420192608536288752_n.jpg\" alt=\"\"\/><\/a><figcaption class=\"wp-element-caption\">Nebula Studio<\/figcaption><\/figure>\n\n\n\n<figure class=\"wp-block-image size-large\"><a href=\"http:\/\/amarokstudio.pl\/wp-content\/uploads\/2023\/04\/1662162_688381781218825_1973357512_n.jpg\"><img decoding=\"async\" src=\"http:\/\/amarokstudio.pl\/wp-content\/uploads\/2023\/04\/1662162_688381781218825_1973357512_n.jpg\" alt=\"\"\/><\/a><figcaption class=\"wp-element-caption\">Kemienica Studio<\/figcaption><\/figure>\n\n\n\n<figure class=\"wp-block-image size-large\"><a href=\"http:\/\/amarokstudio.pl\/wp-content\/uploads\/2023\/04\/156031279_153546699926457_2905943080387121360_n.jpg\"><img decoding=\"async\" src=\"http:\/\/amarokstudio.pl\/wp-content\/uploads\/2023\/04\/156031279_153546699926457_2905943080387121360_n.jpg\" alt=\"\"\/><\/a><figcaption class=\"wp-element-caption\">Nebula Studi<\/figcaption><\/figure>\n\n\n\n<figure class=\"wp-block-image size-large\"><a href=\"http:\/\/amarokstudio.pl\/wp-content\/uploads\/2023\/04\/289593463_6011210292227040_576503047336315566_n.jpg\"><img decoding=\"async\" src=\"http:\/\/amarokstudio.pl\/wp-content\/uploads\/2023\/04\/289593463_6011210292227040_576503047336315566_n.jpg\" alt=\"\"\/><\/a><figcaption class=\"wp-element-caption\">Kamienica Studio<\/figcaption><\/figure>\n\n\n\n<figure class=\"wp-block-image size-large\"><a href=\"http:\/\/amarokstudio.pl\/wp-content\/uploads\/2023\/04\/289635360_6011210058893730_5923063362594043246_n.jpg\"><img decoding=\"async\" src=\"http:\/\/amarokstudio.pl\/wp-content\/uploads\/2023\/04\/289635360_6011210058893730_5923063362594043246_n.jpg\" alt=\"\"\/><\/a><\/figure>\n\n\n\n<figure class=\"wp-block-image size-large\"><a href=\"http:\/\/amarokstudio.pl\/wp-content\/uploads\/2023\/04\/289017155_6011210408893695_6402408139593423324_n.jpg\"><img decoding=\"async\" src=\"http:\/\/amarokstudio.pl\/wp-content\/uploads\/2023\/04\/289017155_6011210408893695_6402408139593423324_n.jpg\" alt=\"\"\/><\/a><\/figure>\n\n\n\n<figure class=\"wp-block-image size-large\"><a href=\"http:\/\/amarokstudio.pl\/wp-content\/uploads\/2023\/04\/15032149_1194216870644652_1909047570198222967_n.jpg\"><img decoding=\"async\" src=\"http:\/\/amarokstudio.pl\/wp-content\/uploads\/2023\/04\/15032149_1194216870644652_1909047570198222967_n.jpg\" alt=\"\"\/><\/a><\/figure>\n\n\n\n<figure class=\"wp-block-image size-large\"><a href=\"http:\/\/amarokstudio.pl\/wp-content\/uploads\/2023\/04\/STUDIO1-scaled.jpg\"><img decoding=\"async\" src=\"http:\/\/amarokstudio.pl\/wp-content\/uploads\/2023\/04\/STUDIO1-scaled.jpg\" alt=\"\"\/><\/a><\/figure>\n\n\n\n<figure class=\"wp-block-image size-large\"><a href=\"http:\/\/amarokstudio.pl\/wp-content\/uploads\/2023\/04\/387684_269040469819627_1318308361_n.jpg\"><img decoding=\"async\" src=\"http:\/\/amarokstudio.pl\/wp-content\/uploads\/2023\/04\/387684_269040469819627_1318308361_n.jpg\" alt=\"\"\/><\/a><\/figure>\n\n\n\n<figure class=\"wp-block-image size-large\"><a href=\"http:\/\/amarokstudio.pl\/wp-content\/uploads\/2023\/04\/275558286_5704683762879696_2044997786114232462_n.jpg\"><img decoding=\"async\" src=\"http:\/\/amarokstudio.pl\/wp-content\/uploads\/2023\/04\/275558286_5704683762879696_2044997786114232462_n.jpg\" alt=\"\"\/><\/a><\/figure>\n\n\n\n<figure class=\"wp-block-image size-large\"><a href=\"http:\/\/amarokstudio.pl\/wp-content\/uploads\/2023\/04\/273536421_5624448050903268_3705161399888896398_n.jpg\"><img decoding=\"async\" src=\"http:\/\/amarokstudio.pl\/wp-content\/uploads\/2023\/04\/273536421_5624448050903268_3705161399888896398_n.jpg\" alt=\"\"\/><\/a><\/figure>\n\n\n\n<figure class=\"wp-block-image size-large\"><a href=\"http:\/\/amarokstudio.pl\/wp-content\/uploads\/2023\/04\/STUDIO2-scaled.jpg\"><img decoding=\"async\" src=\"http:\/\/amarokstudio.pl\/wp-content\/uploads\/2023\/04\/STUDIO2-scaled.jpg\" alt=\"\"\/><\/a><\/figure>\n\n\n\n<figure class=\"wp-block-image size-full\"><a href=\"https:\/\/amarokstudio.pl\/wp-content\/uploads\/2024\/01\/408218210_17844678330119766_360526127677354825_n-1.jpg\"><img loading=\"lazy\" decoding=\"async\" width=\"1440\" height=\"1086\" data-id=\"1619\" src=\"https:\/\/amarokstudio.pl\/wp-content\/uploads\/2024\/01\/408218210_17844678330119766_360526127677354825_n-1.jpg\" alt=\"\" class=\"wp-image-1619\" srcset=\"https:\/\/amarokstudio.pl\/wp-content\/uploads\/2024\/01\/408218210_17844678330119766_360526127677354825_n-1.jpg 1440w, https:\/\/amarokstudio.pl\/wp-content\/uploads\/2024\/01\/408218210_17844678330119766_360526127677354825_n-1-300x226.jpg 300w, https:\/\/amarokstudio.pl\/wp-content\/uploads\/2024\/01\/408218210_17844678330119766_360526127677354825_n-1-1024x772.jpg 1024w, https:\/\/amarokstudio.pl\/wp-content\/uploads\/2024\/01\/408218210_17844678330119766_360526127677354825_n-1-768x579.jpg 768w\" sizes=\"auto, (max-width: 1440px) 100vw, 1440px\" \/><\/a><\/figure>\n\n\n\n<figure class=\"wp-block-image size-full\"><a href=\"https:\/\/amarokstudio.pl\/wp-content\/uploads\/2024\/01\/410962947_17845685205119766_8935994789451957958_n-1.jpg\"><img loading=\"lazy\" decoding=\"async\" width=\"1440\" height=\"1800\" data-id=\"1622\" src=\"https:\/\/amarokstudio.pl\/wp-content\/uploads\/2024\/01\/410962947_17845685205119766_8935994789451957958_n-1.jpg\" alt=\"\" class=\"wp-image-1622\" srcset=\"https:\/\/amarokstudio.pl\/wp-content\/uploads\/2024\/01\/410962947_17845685205119766_8935994789451957958_n-1.jpg 1440w, https:\/\/amarokstudio.pl\/wp-content\/uploads\/2024\/01\/410962947_17845685205119766_8935994789451957958_n-1-240x300.jpg 240w, https:\/\/amarokstudio.pl\/wp-content\/uploads\/2024\/01\/410962947_17845685205119766_8935994789451957958_n-1-819x1024.jpg 819w, https:\/\/amarokstudio.pl\/wp-content\/uploads\/2024\/01\/410962947_17845685205119766_8935994789451957958_n-1-768x960.jpg 768w, https:\/\/amarokstudio.pl\/wp-content\/uploads\/2024\/01\/410962947_17845685205119766_8935994789451957958_n-1-1229x1536.jpg 1229w\" sizes=\"auto, (max-width: 1440px) 100vw, 1440px\" \/><\/a><\/figure>\n\n\n\n<figure class=\"wp-block-image size-full is-style-default\"><a href=\"https:\/\/amarokstudio.pl\/wp-content\/uploads\/2024\/01\/410872994_331120089675515_3283376255924940733_n-1.jpg\"><img loading=\"lazy\" decoding=\"async\" width=\"1536\" height=\"2048\" data-id=\"1621\" src=\"https:\/\/amarokstudio.pl\/wp-content\/uploads\/2024\/01\/410872994_331120089675515_3283376255924940733_n-1.jpg\" alt=\"\" class=\"wp-image-1621\" srcset=\"https:\/\/amarokstudio.pl\/wp-content\/uploads\/2024\/01\/410872994_331120089675515_3283376255924940733_n-1.jpg 1536w, https:\/\/amarokstudio.pl\/wp-content\/uploads\/2024\/01\/410872994_331120089675515_3283376255924940733_n-1-225x300.jpg 225w, https:\/\/amarokstudio.pl\/wp-content\/uploads\/2024\/01\/410872994_331120089675515_3283376255924940733_n-1-768x1024.jpg 768w, https:\/\/amarokstudio.pl\/wp-content\/uploads\/2024\/01\/410872994_331120089675515_3283376255924940733_n-1-300x400.jpg 300w, https:\/\/amarokstudio.pl\/wp-content\/uploads\/2024\/01\/410872994_331120089675515_3283376255924940733_n-1-1152x1536.jpg 1152w\" sizes=\"auto, (max-width: 1536px) 100vw, 1536px\" \/><\/a><figcaption class=\"wp-element-caption\">Amarok Studio<\/figcaption><\/figure>\n\n\n\n<figure class=\"wp-block-image size-full\"><a href=\"https:\/\/amarokstudio.pl\/wp-content\/uploads\/2024\/01\/408218360_17844678300119766_3626127306512368441_n-1.jpg\"><img loading=\"lazy\" decoding=\"async\" width=\"1440\" height=\"1086\" data-id=\"1620\" src=\"https:\/\/amarokstudio.pl\/wp-content\/uploads\/2024\/01\/408218360_17844678300119766_3626127306512368441_n-1.jpg\" alt=\"\" class=\"wp-image-1620\" srcset=\"https:\/\/amarokstudio.pl\/wp-content\/uploads\/2024\/01\/408218360_17844678300119766_3626127306512368441_n-1.jpg 1440w, https:\/\/amarokstudio.pl\/wp-content\/uploads\/2024\/01\/408218360_17844678300119766_3626127306512368441_n-1-300x226.jpg 300w, https:\/\/amarokstudio.pl\/wp-content\/uploads\/2024\/01\/408218360_17844678300119766_3626127306512368441_n-1-1024x772.jpg 1024w, https:\/\/amarokstudio.pl\/wp-content\/uploads\/2024\/01\/408218360_17844678300119766_3626127306512368441_n-1-768x579.jpg 768w\" sizes=\"auto, (max-width: 1440px) 100vw, 1440px\" \/><\/a><\/figure>\n\n\n\n<figure class=\"wp-block-image size-full\"><a href=\"https:\/\/amarokstudio.pl\/wp-content\/uploads\/2024\/01\/STUDIO-AMAROK-\u2014-Odzyskano-scaled.jpg\"><img loading=\"lazy\" decoding=\"async\" width=\"2560\" height=\"1920\" data-id=\"1570\" src=\"https:\/\/amarokstudio.pl\/wp-content\/uploads\/2024\/01\/STUDIO-AMAROK-\u2014-Odzyskano-scaled.jpg\" alt=\"\" class=\"wp-image-1570\" srcset=\"https:\/\/amarokstudio.pl\/wp-content\/uploads\/2024\/01\/STUDIO-AMAROK-\u2014-Odzyskano-scaled.jpg 2560w, https:\/\/amarokstudio.pl\/wp-content\/uploads\/2024\/01\/STUDIO-AMAROK-\u2014-Odzyskano-300x225.jpg 300w, https:\/\/amarokstudio.pl\/wp-content\/uploads\/2024\/01\/STUDIO-AMAROK-\u2014-Odzyskano-1024x768.jpg 1024w, https:\/\/amarokstudio.pl\/wp-content\/uploads\/2024\/01\/STUDIO-AMAROK-\u2014-Odzyskano-768x576.jpg 768w, https:\/\/amarokstudio.pl\/wp-content\/uploads\/2024\/01\/STUDIO-AMAROK-\u2014-Odzyskano-1536x1152.jpg 1536w, https:\/\/amarokstudio.pl\/wp-content\/uploads\/2024\/01\/STUDIO-AMAROK-\u2014-Odzyskano-2048x1536.jpg 2048w\" sizes=\"auto, (max-width: 2560px) 100vw, 2560px\" \/><\/a><\/figure>\n<\/figure>\n\n\n\n<p class=\"has-luminous-vivid-amber-color has-text-color\"><strong>My recent studio works:<\/strong><\/p>\n\n\n\n<figure class=\"wp-block-gallery has-nested-images columns-default is-cropped wp-block-gallery-2 is-layout-flex wp-block-gallery-is-layout-flex\">\n<figure class=\"wp-block-image size-large\"><img loading=\"lazy\" decoding=\"async\" width=\"1024\" height=\"1024\" data-id=\"1829\" src=\"https:\/\/amarokstudio.pl\/wp-content\/uploads\/2024\/02\/Insomnia-cover-1024x1024.jpg\" alt=\"\" class=\"wp-image-1829\" srcset=\"https:\/\/amarokstudio.pl\/wp-content\/uploads\/2024\/02\/Insomnia-cover-1024x1024.jpg 1024w, https:\/\/amarokstudio.pl\/wp-content\/uploads\/2024\/02\/Insomnia-cover-300x300.jpg 300w, https:\/\/amarokstudio.pl\/wp-content\/uploads\/2024\/02\/Insomnia-cover-150x150.jpg 150w, https:\/\/amarokstudio.pl\/wp-content\/uploads\/2024\/02\/Insomnia-cover-768x768.jpg 768w, https:\/\/amarokstudio.pl\/wp-content\/uploads\/2024\/02\/Insomnia-cover-1536x1536.jpg 1536w, https:\/\/amarokstudio.pl\/wp-content\/uploads\/2024\/02\/Insomnia-cover-2048x2048.jpg 2048w\" sizes=\"auto, (max-width: 1024px) 100vw, 1024px\" \/><\/figure>\n\n\n\n<figure class=\"wp-block-image size-large\"><img loading=\"lazy\" decoding=\"async\" width=\"1024\" height=\"1024\" data-id=\"1828\" src=\"https:\/\/amarokstudio.pl\/wp-content\/uploads\/2024\/02\/1-SINGLE-1024x1024.jpg\" alt=\"\" class=\"wp-image-1828\" srcset=\"https:\/\/amarokstudio.pl\/wp-content\/uploads\/2024\/02\/1-SINGLE-1024x1024.jpg 1024w, https:\/\/amarokstudio.pl\/wp-content\/uploads\/2024\/02\/1-SINGLE-300x300.jpg 300w, https:\/\/amarokstudio.pl\/wp-content\/uploads\/2024\/02\/1-SINGLE-150x150.jpg 150w, https:\/\/amarokstudio.pl\/wp-content\/uploads\/2024\/02\/1-SINGLE-768x768.jpg 768w, https:\/\/amarokstudio.pl\/wp-content\/uploads\/2024\/02\/1-SINGLE-1536x1536.jpg 1536w, https:\/\/amarokstudio.pl\/wp-content\/uploads\/2024\/02\/1-SINGLE-2048x2048.jpg 2048w\" sizes=\"auto, (max-width: 1024px) 100vw, 1024px\" \/><\/figure>\n\n\n\n<figure class=\"wp-block-image size-large\"><img loading=\"lazy\" decoding=\"async\" width=\"1024\" height=\"913\" data-id=\"1039\" src=\"http:\/\/wojtasmusic.pl\/wp-content\/uploads\/2023\/04\/328301840_569788428357092_7664239759677639545_n-1-1024x913.jpg\" alt=\"\" class=\"wp-image-1039\" srcset=\"https:\/\/amarokstudio.pl\/wp-content\/uploads\/2023\/04\/328301840_569788428357092_7664239759677639545_n-1-1024x913.jpg 1024w, https:\/\/amarokstudio.pl\/wp-content\/uploads\/2023\/04\/328301840_569788428357092_7664239759677639545_n-1-300x267.jpg 300w, https:\/\/amarokstudio.pl\/wp-content\/uploads\/2023\/04\/328301840_569788428357092_7664239759677639545_n-1-768x685.jpg 768w, https:\/\/amarokstudio.pl\/wp-content\/uploads\/2023\/04\/328301840_569788428357092_7664239759677639545_n-1-1536x1370.jpg 1536w, https:\/\/amarokstudio.pl\/wp-content\/uploads\/2023\/04\/328301840_569788428357092_7664239759677639545_n-1.jpg 1652w\" sizes=\"auto, (max-width: 1024px) 100vw, 1024px\" \/><\/figure>\n\n\n\n<figure class=\"wp-block-image size-full\"><img loading=\"lazy\" decoding=\"async\" width=\"350\" height=\"350\" data-id=\"883\" src=\"http:\/\/wojtasmusic.pl\/wp-content\/uploads\/2023\/04\/towards-the-light-w-iext103606266.jpg\" alt=\"\" class=\"wp-image-883\" srcset=\"https:\/\/amarokstudio.pl\/wp-content\/uploads\/2023\/04\/towards-the-light-w-iext103606266.jpg 350w, https:\/\/amarokstudio.pl\/wp-content\/uploads\/2023\/04\/towards-the-light-w-iext103606266-300x300.jpg 300w, https:\/\/amarokstudio.pl\/wp-content\/uploads\/2023\/04\/towards-the-light-w-iext103606266-150x150.jpg 150w\" sizes=\"auto, (max-width: 350px) 100vw, 350px\" \/><\/figure>\n\n\n\n<figure class=\"wp-block-image size-full\"><img loading=\"lazy\" decoding=\"async\" width=\"1000\" height=\"1000\" data-id=\"884\" src=\"http:\/\/wojtasmusic.pl\/wp-content\/uploads\/2023\/04\/irobot.jpg\" alt=\"\" class=\"wp-image-884\" srcset=\"https:\/\/amarokstudio.pl\/wp-content\/uploads\/2023\/04\/irobot.jpg 1000w, https:\/\/amarokstudio.pl\/wp-content\/uploads\/2023\/04\/irobot-300x300.jpg 300w, https:\/\/amarokstudio.pl\/wp-content\/uploads\/2023\/04\/irobot-150x150.jpg 150w, https:\/\/amarokstudio.pl\/wp-content\/uploads\/2023\/04\/irobot-768x768.jpg 768w\" sizes=\"auto, (max-width: 1000px) 100vw, 1000px\" \/><\/figure>\n\n\n\n<figure class=\"wp-block-image size-full\"><img loading=\"lazy\" decoding=\"async\" width=\"1000\" height=\"1000\" data-id=\"1337\" src=\"http:\/\/wojtasmusic.pl\/wp-content\/uploads\/2023\/04\/cover-hero-bc03ff2e-1.jpeg\" alt=\"\" class=\"wp-image-1337\" srcset=\"https:\/\/amarokstudio.pl\/wp-content\/uploads\/2023\/04\/cover-hero-bc03ff2e-1.jpeg 1000w, https:\/\/amarokstudio.pl\/wp-content\/uploads\/2023\/04\/cover-hero-bc03ff2e-1-300x300.jpeg 300w, https:\/\/amarokstudio.pl\/wp-content\/uploads\/2023\/04\/cover-hero-bc03ff2e-1-150x150.jpeg 150w, https:\/\/amarokstudio.pl\/wp-content\/uploads\/2023\/04\/cover-hero-bc03ff2e-1-768x768.jpeg 768w\" sizes=\"auto, (max-width: 1000px) 100vw, 1000px\" \/><\/figure>\n\n\n\n<figure class=\"wp-block-image size-full\"><img loading=\"lazy\" decoding=\"async\" width=\"1400\" height=\"1400\" data-id=\"1338\" src=\"http:\/\/wojtasmusic.pl\/wp-content\/uploads\/2023\/04\/storm_cover-1400x1400-2.jpg\" alt=\"\" class=\"wp-image-1338\" srcset=\"https:\/\/amarokstudio.pl\/wp-content\/uploads\/2023\/04\/storm_cover-1400x1400-2.jpg 1400w, https:\/\/amarokstudio.pl\/wp-content\/uploads\/2023\/04\/storm_cover-1400x1400-2-300x300.jpg 300w, https:\/\/amarokstudio.pl\/wp-content\/uploads\/2023\/04\/storm_cover-1400x1400-2-1024x1024.jpg 1024w, https:\/\/amarokstudio.pl\/wp-content\/uploads\/2023\/04\/storm_cover-1400x1400-2-150x150.jpg 150w, https:\/\/amarokstudio.pl\/wp-content\/uploads\/2023\/04\/storm_cover-1400x1400-2-768x768.jpg 768w\" sizes=\"auto, (max-width: 1400px) 100vw, 1400px\" \/><\/figure>\n\n\n\n<figure class=\"wp-block-image size-full\"><img loading=\"lazy\" decoding=\"async\" width=\"1400\" height=\"1400\" data-id=\"1340\" src=\"http:\/\/wojtasmusic.pl\/wp-content\/uploads\/2023\/04\/hunt_cover-1400x1400-2-1.jpg\" alt=\"\" class=\"wp-image-1340\" srcset=\"https:\/\/amarokstudio.pl\/wp-content\/uploads\/2023\/04\/hunt_cover-1400x1400-2-1.jpg 1400w, https:\/\/amarokstudio.pl\/wp-content\/uploads\/2023\/04\/hunt_cover-1400x1400-2-1-300x300.jpg 300w, https:\/\/amarokstudio.pl\/wp-content\/uploads\/2023\/04\/hunt_cover-1400x1400-2-1-1024x1024.jpg 1024w, https:\/\/amarokstudio.pl\/wp-content\/uploads\/2023\/04\/hunt_cover-1400x1400-2-1-150x150.jpg 150w, https:\/\/amarokstudio.pl\/wp-content\/uploads\/2023\/04\/hunt_cover-1400x1400-2-1-768x768.jpg 768w\" sizes=\"auto, (max-width: 1400px) 100vw, 1400px\" \/><\/figure>\n\n\n\n<figure class=\"wp-block-image size-full\"><img loading=\"lazy\" decoding=\"async\" width=\"800\" height=\"800\" data-id=\"887\" src=\"http:\/\/wojtasmusic.pl\/wp-content\/uploads\/2023\/04\/caster-8d454416.jpeg\" alt=\"\" class=\"wp-image-887\" srcset=\"https:\/\/amarokstudio.pl\/wp-content\/uploads\/2023\/04\/caster-8d454416.jpeg 800w, https:\/\/amarokstudio.pl\/wp-content\/uploads\/2023\/04\/caster-8d454416-300x300.jpeg 300w, https:\/\/amarokstudio.pl\/wp-content\/uploads\/2023\/04\/caster-8d454416-150x150.jpeg 150w, https:\/\/amarokstudio.pl\/wp-content\/uploads\/2023\/04\/caster-8d454416-768x768.jpeg 768w\" sizes=\"auto, (max-width: 800px) 100vw, 800px\" \/><\/figure>\n\n\n\n<figure class=\"wp-block-image size-full\"><img loading=\"lazy\" decoding=\"async\" width=\"500\" height=\"500\" data-id=\"888\" src=\"http:\/\/wojtasmusic.pl\/wp-content\/uploads\/2023\/04\/unfallen-b-iext54051756.jpg\" alt=\"\" class=\"wp-image-888\" srcset=\"https:\/\/amarokstudio.pl\/wp-content\/uploads\/2023\/04\/unfallen-b-iext54051756.jpg 500w, https:\/\/amarokstudio.pl\/wp-content\/uploads\/2023\/04\/unfallen-b-iext54051756-300x300.jpg 300w, https:\/\/amarokstudio.pl\/wp-content\/uploads\/2023\/04\/unfallen-b-iext54051756-150x150.jpg 150w\" sizes=\"auto, (max-width: 500px) 100vw, 500px\" \/><\/figure>\n<\/figure>\n","protected":false},"excerpt":{"rendered":"<p>I invite you to work on your project! I offer recording mixing, mastering, music production, recording or other consultations. It is also possible to rent the studio itself. I also collaborate online. For as long as I can remember, I have always been involved in mixing my music projects and bands (Amarok, Uniqplan, Catster and [&hellip;]<\/p>\n","protected":false},"author":1,"featured_media":0,"parent":85,"menu_order":4,"comment_status":"closed","ping_status":"closed","template":"","meta":{"footnotes":""},"class_list":["post-120","page","type-page","status-publish","hentry"],"_links":{"self":[{"href":"https:\/\/amarokstudio.pl\/index.php?rest_route=\/wp\/v2\/pages\/120","targetHints":{"allow":["GET"]}}],"collection":[{"href":"https:\/\/amarokstudio.pl\/index.php?rest_route=\/wp\/v2\/pages"}],"about":[{"href":"https:\/\/amarokstudio.pl\/index.php?rest_route=\/wp\/v2\/types\/page"}],"author":[{"embeddable":true,"href":"https:\/\/amarokstudio.pl\/index.php?rest_route=\/wp\/v2\/users\/1"}],"replies":[{"embeddable":true,"href":"https:\/\/amarokstudio.pl\/index.php?rest_route=%2Fwp%2Fv2%2Fcomments&post=120"}],"version-history":[{"count":55,"href":"https:\/\/amarokstudio.pl\/index.php?rest_route=\/wp\/v2\/pages\/120\/revisions"}],"predecessor-version":[{"id":1847,"href":"https:\/\/amarokstudio.pl\/index.php?rest_route=\/wp\/v2\/pages\/120\/revisions\/1847"}],"up":[{"embeddable":true,"href":"https:\/\/amarokstudio.pl\/index.php?rest_route=\/wp\/v2\/pages\/85"}],"wp:attachment":[{"href":"https:\/\/amarokstudio.pl\/index.php?rest_route=%2Fwp%2Fv2%2Fmedia&parent=120"}],"curies":[{"name":"wp","href":"https:\/\/api.w.org\/{rel}","templated":true}]}}